{"id":387,"date":"2019-12-09T13:16:13","date_gmt":"2019-12-09T12:16:13","guid":{"rendered":"https:\/\/wp9.uchaweb1.es\/?page_id=387"},"modified":"2019-12-09T13:17:30","modified_gmt":"2019-12-09T12:17:30","slug":"politica-de-cookies","status":"publish","type":"page","link":"https:\/\/wp9.uchaweb1.es\/gl\/politica-de-cookies\/","title":{"rendered":"Pol\u00edtica de Cookies"},"content":{"rendered":"<div class=\"cli_pg_page_contaner\">\n<h3>Sobre esta pol\u00edtica de cookies<\/h3>\n<div>\n<p>Esta Pol\u00edtica de cookies explica que son as cookies e como as usamos. Debe ler esta pol\u00edtica para comprender que son as cookies, como as usamos, os tipos de cookies que usamos, \u00e9 dicir, a informaci\u00f3n que recollemos mediante cookies e como se usa esa informaci\u00f3n e como controlar as preferencias das cookies. Para obter m\u00e1is informaci\u00f3n sobre como usamos, almacenamos e mantemos os seus datos persoais seguros, consulte a nosa Pol\u00edtica de privacidade.<\/p>\n<p>En calquera momento pode cambiar ou retirar o seu consentimento para a Declaraci\u00f3n de cookies no noso sitio web.<\/p>\n<p>Aprende m\u00e1is sobre quen somos, como nos podes contactar e como procesamos os datos persoais na nosa Pol\u00edtica de privacidade.<\/p>\n<p>O teu consentimento apl\u00edcase aos seguintes dominios: <a href=\"https:\/\/wp9.uchaweb1.es\/gl\/\">wp9.uchaweb1.es<\/a><\/p>\n<div class=\"cli_user_consent_state\">Your current state: No consent given. <a class=\"cli_manage_current_consent\" style=\"cursor:pointer;\">Manage your consent.<\/a> <\/div>\n<\/div>\n<h3>Qu\u00e9 son as cookies ?<\/h3>\n<div>\n<p>As cookies son pequenos ficheiros de texto que se usan para almacenar pequenas informaci\u00f3ns. As cookies g\u00e1rdanse no seu dispositivo cando o sitio web est\u00e1 cargado no seu navegador. Estas cookies axudannos a que o sitio web funcione correctamente, a facer o sitio web m\u00e1is seguro, a proporcionar unha mellor experiencia de usuario e a comprender como funciona o sitio web e analizar o que funciona e onde precisa mellorar.<\/p>\n<\/div>\n<h3>C\u00f3mo usamos as cookies ?<\/h3>\n<div>\n<p>Como a maior\u00eda dos servizos en li\u00f1a, o noso sitio web utiliza cookies propias e de terceiros para diversos prop\u00f3sitos. As cookies de orixe son fundamentalmente necesarias para que o sitio web funcione correctamente e non recollen ningunha informaci\u00f3n identificable persoalmente.<\/p>\n<p>As cookies de terceiros utilizadas nos nosos sitios web \u00fasanse principalmente para comprender o rendemento do sitio web, como interact\u00faa co noso sitio web, manter os nosos servizos seguros, proporcionarche anuncios relevantes para vostede e, en xeral, proporcionarlle unha experiencia mellor e mellor. de usuario e axuda a acelerar as t\u00faas interacci\u00f3ns futuras co noso sitio web.<\/p>\n<\/div>\n<h3>Qu\u00e9 tipos de cookies utilizamos ?<\/h3>\n<div>\n<p><span style=\"font-weight: bold;\">Necesarias<\/span>: Algunhas cookies son esenciais para que experimentes a funcionalidade completa do noso sitio. Perm\u00edtennos manter sesi\u00f3ns de usuarios e evitar ameazas de seguridade. Non recollen nin almacenan informaci\u00f3n persoal. Por exemplo, estas cookies perm\u00edtenche iniciar sesi\u00f3n na s\u00faa conta e engadir produtos ao seu carro e pagar de forma segura.<\/p>\n<p><strong>Estad\u00edsticas:<\/strong> Estas cookies almacenan informaci\u00f3n como o n\u00famero de visitantes do sitio web, o n\u00famero de visitantes \u00fanicos, que p\u00e1xinas do sitio web foron visitadas, a fonte da visita, etc. Estes datos ax\u00fadanos a comprender e analizar o bo funcionamento do sitio web e onde precisa mellorar.<\/p>\n<p><span style=\"font-weight: bold;\">Marketing:<\/span> O noso sitio web mostra anuncios. Estas cookies \u00fasanse para personalizar os anuncios que vos mostramos para que sexan significativas para ti. Estas cookies tam\u00e9n nos axudan a rastrexar a eficacia destas campa\u00f1as publicitarias.<\/p>\n<p>A informaci\u00f3n almacenada nestas cookies tam\u00e9n pode ser empregada por provedores de publicidade externos para mostrar anuncios noutros sitios web do navegador.<\/p>\n<p><strong>Funcional:<\/strong> Estas son as cookies que axudan a certas funcionalidades non esenciais no noso sitio web. Estas caracter\u00edsticas incl\u00faen incrustar contido como v\u00eddeos ou compartir contido no sitio web en plataformas de redes sociais.<\/p>\n<p><strong>Preferencias:<\/strong> Estas cookies ax\u00fadanos a almacenar a s\u00faa configuraci\u00f3n e preferencias de navegaci\u00f3n, como as preferencias de idioma, polo que tes unha experiencia mellor e m\u00e1is eficiente en futuras visitas ao sitio web.<\/p>\n<table class=\"cookielawinfo-row-cat-table cookielawinfo-classic\"><thead><tr><th class=\"cookielawinfo-column-1\">Cookie<\/th><th class=\"cookielawinfo-column-4\">Description<\/th><\/tr><\/thead><tbody><tr class=\"cookielawinfo-row\"><td colspan=\"4\" class=\"cookielawinfo-column-empty\">No records found<\/td><\/tr><\/tbody><\/table>\n<\/div>\n<h3>C\u00f3mo podo controlar as preferencias de cookies ?<\/h3>\n<div>\n<p>Se decide cambiar as s\u00faas preferencias m\u00e1is tarde durante a sesi\u00f3n de navegaci\u00f3n, pode facer clic na pestana \"Pol\u00edtica de privacidade e cookies\" da s\u00faa pantalla. Isto mostrar\u00e1 de novo o aviso de consentimento, permit\u00edndolle cambiar as s\u00faas preferencias ou retirar o seu consentimento completamente.<\/p>\n<p>Ademais disto, diferentes navegadores fornecen diferentes m\u00e9todos para bloquear e eliminar as cookies utilizadas polos sitios web. Pode cambiar a configuraci\u00f3n do seu navegador para bloquear \/ eliminar cookies. Para obter m\u00e1is informaci\u00f3n sobre como xestionar e eliminar as cookies, visite <a href=\"https:\/\/en.wikipedia.org\/wiki\/HTTP_cookie\" target=\"_blank\" rel=\"nofollow noopener noreferrer\">wikipedia.org<\/a>, <a href=\"http:\/\/www.allaboutcookies.org\/\" target=\"_blank\" rel=\"nofollow noopener noreferrer\">www.allaboutcookies.org.<\/a><\/p>\n<\/div>\n<p class=\"powered_by_p\" style=\"width:100% !important; display:block !important; color:#333; clear:both; font-style:italic !important; font-size:12px !important; margin-top:15px !important;\">Powered By <a href=\"https:\/\/www.webtoffee.com\/\" class=\"powered_by_a\" style=\"color:#333; font-weight:600 !important; font-size:12px !important;\">WebToffee<\/a><\/p>\n<\/div>","protected":false},"excerpt":{"rendered":"<p>Sobre esta pol\u00edtica de cookies Esta Pol\u00edtica de cookies explica qu\u00e9 son las cookies y c\u00f3mo las usamos. Debe leer esta pol\u00edtica para comprender qu\u00e9 son las cookies, c\u00f3mo las utilizamos, los tipos de cookies que utilizamos, es decir, la informaci\u00f3n que recopilamos utilizando cookies y c\u00f3mo se utiliza esa informaci\u00f3n y c\u00f3mo controlar las [&hellip;]<\/p>","protected":false},"author":2,"featured_media":0,"parent":0,"menu_order":0,"comment_status":"closed","ping_status":"closed","template":"","meta":{"spay_email":"","footnotes":""},"class_list":["post-387","page","type-page","status-publish","hentry"],"yoast_head":"<!-- This site is optimized with the Yoast SEO plugin v15.0 - https:\/\/yoast.com\/wordpress\/plugins\/seo\/ -->\n<title>Pol\u00edtica de Cookies | TrastoEcho<\/title>\n<meta name=\"robots\" content=\"index, follow, max-snippet:-1, max-image-preview:large, max-video-preview:-1\" \/>\n<link rel=\"canonical\" href=\"https:\/\/wp9.uchaweb1.es\/gl\/politica-de-cookies\/\" \/>\n<meta property=\"og:locale\" content=\"gl_ES\" \/>\n<meta property=\"og:type\" content=\"article\" \/>\n<meta property=\"og:title\" content=\"Pol\u00edtica de Cookies | TrastoEcho\" \/>\n<meta property=\"og:description\" content=\"Sobre esta pol\u00edtica de cookies Esta Pol\u00edtica de cookies explica qu\u00e9 son las cookies y c\u00f3mo las usamos. Debe leer esta pol\u00edtica para comprender qu\u00e9 son las cookies, c\u00f3mo las utilizamos, los tipos de cookies que utilizamos, es decir, la informaci\u00f3n que recopilamos utilizando cookies y c\u00f3mo se utiliza esa informaci\u00f3n y c\u00f3mo controlar las [&hellip;]\" \/>\n<meta property=\"og:url\" content=\"https:\/\/wp9.uchaweb1.es\/gl\/politica-de-cookies\/\" \/>\n<meta property=\"og:site_name\" content=\"TrastoEcho\" \/>\n<meta property=\"article:modified_time\" content=\"2019-12-09T12:17:30+00:00\" \/>\n<meta name=\"twitter:card\" content=\"summary_large_image\" \/>\n<script type=\"application\/ld+json\" class=\"yoast-schema-graph\">{\"@context\":\"https:\/\/schema.org\",\"@graph\":[{\"@type\":\"Organization\",\"@id\":\"https:\/\/wp9.uchaweb1.es\/gl\/#organization\",\"name\":\"TrastoEcho\",\"url\":\"https:\/\/wp9.uchaweb1.es\/gl\/\",\"sameAs\":[\"https:\/\/www.instagram.com\/trastoecho\"],\"logo\":{\"@type\":\"ImageObject\",\"@id\":\"https:\/\/wp9.uchaweb1.es\/gl\/#logo\",\"inLanguage\":\"gl-ES\",\"url\":\"https:\/\/wp9.uchaweb1.es\/wp-content\/uploads\/2019\/11\/trastoecho.png\",\"width\":515,\"height\":515,\"caption\":\"TrastoEcho\"},\"image\":{\"@id\":\"https:\/\/wp9.uchaweb1.es\/gl\/#logo\"}},{\"@type\":\"WebSite\",\"@id\":\"https:\/\/wp9.uchaweb1.es\/gl\/#website\",\"url\":\"https:\/\/wp9.uchaweb1.es\/gl\/\",\"name\":\"TrastoEcho\",\"description\":\"Web oficial de TrastoEcho, donde puedes encontrar todo tipo de objetos de segunda mano, peque\\u00f1as artesan\\u00edas figuras y muebles reci\\u00e9n restaurados y tapizados... Y si no lo necesitas, \\u00a1nosotros lo vendemos!\",\"publisher\":{\"@id\":\"https:\/\/wp9.uchaweb1.es\/gl\/#organization\"},\"potentialAction\":[{\"@type\":\"SearchAction\",\"target\":\"https:\/\/wp9.uchaweb1.es\/gl\/?s={search_term_string}\",\"query-input\":\"required name=search_term_string\"}],\"inLanguage\":\"gl-ES\"},{\"@type\":\"WebPage\",\"@id\":\"https:\/\/wp9.uchaweb1.es\/politica-de-cookies\/#webpage\",\"url\":\"https:\/\/wp9.uchaweb1.es\/politica-de-cookies\/\",\"name\":\"Pol\\u00edtica de Cookies | TrastoEcho\",\"isPartOf\":{\"@id\":\"https:\/\/wp9.uchaweb1.es\/gl\/#website\"},\"datePublished\":\"2019-12-09T12:16:13+00:00\",\"dateModified\":\"2019-12-09T12:17:30+00:00\",\"inLanguage\":\"gl-ES\",\"potentialAction\":[{\"@type\":\"ReadAction\",\"target\":[\"https:\/\/wp9.uchaweb1.es\/politica-de-cookies\/\"]}]}]}<\/script>\n<!-- \/ Yoast SEO plugin. -->","_links":{"self":[{"href":"https:\/\/wp9.uchaweb1.es\/gl\/wp-json\/wp\/v2\/pages\/387","targetHints":{"allow":["GET"]}}],"collection":[{"href":"https:\/\/wp9.uchaweb1.es\/gl\/wp-json\/wp\/v2\/pages"}],"about":[{"href":"https:\/\/wp9.uchaweb1.es\/gl\/wp-json\/wp\/v2\/types\/page"}],"author":[{"embeddable":true,"href":"https:\/\/wp9.uchaweb1.es\/gl\/wp-json\/wp\/v2\/users\/2"}],"replies":[{"embeddable":true,"href":"https:\/\/wp9.uchaweb1.es\/gl\/wp-json\/wp\/v2\/comments?post=387"}],"version-history":[{"count":1,"href":"https:\/\/wp9.uchaweb1.es\/gl\/wp-json\/wp\/v2\/pages\/387\/revisions"}],"predecessor-version":[{"id":388,"href":"https:\/\/wp9.uchaweb1.es\/gl\/wp-json\/wp\/v2\/pages\/387\/revisions\/388"}],"wp:attachment":[{"href":"https:\/\/wp9.uchaweb1.es\/gl\/wp-json\/wp\/v2\/media?parent=387"}],"curies":[{"name":"wp","href":"https:\/\/api.w.org\/{rel}","templated":true}]}}