{"id":394,"date":"2019-12-09T14:02:44","date_gmt":"2019-12-09T13:02:44","guid":{"rendered":"https:\/\/wp9.uchaweb1.es\/?page_id=394"},"modified":"2019-12-10T11:34:59","modified_gmt":"2019-12-10T10:34:59","slug":"blog-semanal","status":"publish","type":"page","link":"https:\/\/wp9.uchaweb1.es\/gl\/blog-semanal\/","title":{"rendered":"Blog semanal"},"content":{"rendered":"<div data-elementor-type=\"wp-page\" data-elementor-id=\"394\" class=\"elementor elementor-394\" data-elementor-settings=\"[]\">\n\t\t\t\t\t\t<div class=\"elementor-inner\">\n\t\t\t\t\t\t\t<div class=\"elementor-section-wrap\">\n\t\t\t\t\t\t\t<section class=\"elementor-section elementor-top-section elementor-element elementor-element-5263322a elementor-section-boxed elementor-section-height-default elementor-section-height-default\" data-id=\"5263322a\" data-element_type=\"section\">\n\t\t\t\t\t\t<div class=\"elementor-container elementor-column-gap-default\">\n\t\t\t\t\t\t\t<div class=\"elementor-row\">\n\t\t\t\t\t<div class=\"elementor-column elementor-col-100 elementor-top-column elementor-element elementor-element-22235131\" data-id=\"22235131\" data-element_type=\"column\">\n\t\t\t<div class=\"elementor-column-wrap elementor-element-populated\">\n\t\t\t\t\t\t\t<div class=\"elementor-widget-wrap\">\n\t\t\t\t\t\t<div class=\"elementor-element elementor-element-2327969e elementor-widget elementor-widget-text-editor\" data-id=\"2327969e\" data-element_type=\"widget\" data-widget_type=\"text-editor.default\">\n\t\t\t\t<div class=\"elementor-widget-container\">\n\t\t\t\t\t<div class=\"elementor-text-editor elementor-clearfix\"><!-- wp:paragraph -->\n<p>Comprar algunhas cousas de segunda man non nos far\u00e1 ecol\u00f3xicos polo momento, pero con todos estes cambios na industria e no planeta \u00e9 unha das mellores opci\u00f3ns que podemos aproveitar do uso coti\u00e1n, pero non s\u00f3 por ser verde, sen\u00f3n tam\u00e9n para a nosa econom\u00eda. Todos estes obxectos son moito m\u00e1is baratos e alg\u00fans deles nin sequera foron usados ou est\u00e1n nas mesmas condici\u00f3ns que o d\u00eda da s\u00faa compra. Por que mercar os mesmos elementos, e m\u00e1is caros? Hai incluso cousas que xa non est\u00e1n \u00e1 venda e non se poden obter doutro xeito, porque para o meu pesar, as Nintendo de antes non volveron sa\u00edr ao mercado.<\/p>\n<!-- \/wp:paragraph -->\n\n<!-- wp:paragraph -->\n<p>Neste blogue nos centraremos en ver motivos e experiencias da xente sobre este tipo de mercado, as\u00ed como informaci\u00f3n variada que os nosos administradores consideran interesante para compartir.<\/p>\n<!-- \/wp:paragraph --><\/div>\n\t\t\t\t<\/div>\n\t\t\t\t<\/div>\n\t\t\t\t\t\t<\/div>\n\t\t\t\t\t<\/div>\n\t\t<\/div>\n\t\t\t\t\t\t\t\t<\/div>\n\t\t\t\t\t<\/div>\n\t\t<\/section>\n\t\t\t\t<section class=\"elementor-section elementor-top-section elementor-element elementor-element-828d6e2 elementor-section-boxed elementor-section-height-default elementor-section-height-default\" data-id=\"828d6e2\" data-element_type=\"section\">\n\t\t\t\t\t\t<div class=\"elementor-container elementor-column-gap-default\">\n\t\t\t\t\t\t\t<div class=\"elementor-row\">\n\t\t\t\t\t<div class=\"elementor-column elementor-col-100 elementor-top-column elementor-element elementor-element-3b9c93a\" data-id=\"3b9c93a\" data-element_type=\"column\">\n\t\t\t<div class=\"elementor-column-wrap elementor-element-populated\">\n\t\t\t\t\t\t\t<div class=\"elementor-widget-wrap\">\n\t\t\t\t\t\t<div class=\"elementor-element elementor-element-531d6bd elementor-widget elementor-widget-wp-widget-recent-posts\" data-id=\"531d6bd\" data-element_type=\"widget\" data-widget_type=\"wp-widget-recent-posts.default\">\n\t\t\t\t<div class=\"elementor-widget-container\">\n\t\t\t\n\t\t\n\t\t<h5>Entradas recentes<\/h5>\n\t\t<ul>\n\t\t\t\t\t\t\t\t\t\t\t<li>\n\t\t\t\t\t<a href=\"https:\/\/wp9.uchaweb1.es\/gl\/2019\/12\/10\/instagram\/\">https:\/\/www.instagram.com\/trastoecho\/<\/a>\n\t\t\t\t\t\t\t\t\t\t\t<span class=\"post-date\">10 Decembro 2019<\/span>\n\t\t\t\t\t\t\t\t\t<\/li>\n\t\t\t\t\t\t\t\t\t\t\t<li>\n\t\t\t\t\t<a href=\"https:\/\/wp9.uchaweb1.es\/gl\/2019\/12\/10\/cual-fue-la-primera-venta-online-de-la-historia\/\">Cal foi a primeira venda en li\u00f1a da historia?<\/a>\n\t\t\t\t\t\t\t\t\t\t\t<span class=\"post-date\">10 Decembro 2019<\/span>\n\t\t\t\t\t\t\t\t\t<\/li>\n\t\t\t\t\t\t\t\t\t\t\t<li>\n\t\t\t\t\t<a href=\"https:\/\/wp9.uchaweb1.es\/gl\/2019\/12\/10\/una-ruta-por-los-cinco-mercadillos-de-antiguedades-mas-famosos-de-espana\/\">Unha ruta polos cinco mercados de antig\u00fcidades m\u00e1is famosos de Espa\u00f1a<\/a>\n\t\t\t\t\t\t\t\t\t\t\t<span class=\"post-date\">10 Decembro 2019<\/span>\n\t\t\t\t\t\t\t\t\t<\/li>\n\t\t\t\t\t\t\t\t\t\t\t<li>\n\t\t\t\t\t<a href=\"https:\/\/wp9.uchaweb1.es\/gl\/2019\/12\/10\/5-mercadillos-de-segunda-mano-que-puedes-visitar-alrededor-del-mundo\/\">5 mercadillos de segunda man que podes visitar en todo o mundo<\/a>\n\t\t\t\t\t\t\t\t\t\t\t<span class=\"post-date\">10 Decembro 2019<\/span>\n\t\t\t\t\t\t\t\t\t<\/li>\n\t\t\t\t\t\t\t\t\t\t\t<li>\n\t\t\t\t\t<a href=\"https:\/\/wp9.uchaweb1.es\/gl\/2019\/12\/10\/el-calentamiento-de-los-oceanos-puede-hacer-que-nemo-sea-mas-dificil-de-encontrar\/\">O quecemento dos oc\u00e9anos pode facer que \"Nemo\" sexa m\u00e1is dif\u00edcil de atopar<\/a>\n\t\t\t\t\t\t\t\t\t\t\t<span class=\"post-date\">10 Decembro 2019<\/span>\n\t\t\t\t\t\t\t\t\t<\/li>\n\t\t\t\t\t<\/ul>\n\n\t\t\t\t<\/div>\n\t\t\t\t<\/div>\n\t\t\t\t\t\t<\/div>\n\t\t\t\t\t<\/div>\n\t\t<\/div>\n\t\t\t\t\t\t\t\t<\/div>\n\t\t\t\t\t<\/div>\n\t\t<\/section>\n\t\t\t\t\t\t<\/div>\n\t\t\t\t\t\t<\/div>\n\t\t\t\t\t<\/div>","protected":false},"excerpt":{"rendered":"<p>Comprar algunas cosas de segunda mano no nos har\u00e1 ecol\u00f3gicos al momento, pero s\u00ed que con todos estos cambios en la industria y el planeta es una de las mejores opciones que podemos tomar de uso cotidiano, pero no solo por lo verde, \u00a1si no tambi\u00e9n para nuestra econom\u00eda! Todos estos objetos son mucho m\u00e1s [&hellip;]<\/p>","protected":false},"author":2,"featured_media":0,"parent":0,"menu_order":0,"comment_status":"closed","ping_status":"closed","template":"","meta":{"spay_email":"","footnotes":""},"class_list":["post-394","page","type-page","status-publish","hentry"],"yoast_head":"<!-- This site is optimized with the Yoast SEO plugin v15.0 - https:\/\/yoast.com\/wordpress\/plugins\/seo\/ -->\n<title>Blog semanal | TrastoEcho<\/title>\n<meta name=\"robots\" content=\"index, follow, max-snippet:-1, max-image-preview:large, max-video-preview:-1\" \/>\n<link rel=\"canonical\" href=\"https:\/\/wp9.uchaweb1.es\/gl\/blog-semanal\/\" \/>\n<meta property=\"og:locale\" content=\"gl_ES\" \/>\n<meta property=\"og:type\" content=\"article\" \/>\n<meta property=\"og:title\" content=\"Blog semanal | TrastoEcho\" \/>\n<meta property=\"og:description\" content=\"Comprar algunas cosas de segunda mano no nos har\u00e1 ecol\u00f3gicos al momento, pero s\u00ed que con todos estos cambios en la industria y el planeta es una de las mejores opciones que podemos tomar de uso cotidiano, pero no solo por lo verde, \u00a1si no tambi\u00e9n para nuestra econom\u00eda! Todos estos objetos son mucho m\u00e1s [&hellip;]\" \/>\n<meta property=\"og:url\" content=\"https:\/\/wp9.uchaweb1.es\/gl\/blog-semanal\/\" \/>\n<meta property=\"og:site_name\" content=\"TrastoEcho\" \/>\n<meta property=\"article:modified_time\" content=\"2019-12-10T10:34:59+00:00\" \/>\n<meta name=\"twitter:card\" content=\"summary_large_image\" \/>\n<script type=\"application\/ld+json\" class=\"yoast-schema-graph\">{\"@context\":\"https:\/\/schema.org\",\"@graph\":[{\"@type\":\"Organization\",\"@id\":\"https:\/\/wp9.uchaweb1.es\/gl\/#organization\",\"name\":\"TrastoEcho\",\"url\":\"https:\/\/wp9.uchaweb1.es\/gl\/\",\"sameAs\":[\"https:\/\/www.instagram.com\/trastoecho\"],\"logo\":{\"@type\":\"ImageObject\",\"@id\":\"https:\/\/wp9.uchaweb1.es\/gl\/#logo\",\"inLanguage\":\"gl-ES\",\"url\":\"https:\/\/wp9.uchaweb1.es\/wp-content\/uploads\/2019\/11\/trastoecho.png\",\"width\":515,\"height\":515,\"caption\":\"TrastoEcho\"},\"image\":{\"@id\":\"https:\/\/wp9.uchaweb1.es\/gl\/#logo\"}},{\"@type\":\"WebSite\",\"@id\":\"https:\/\/wp9.uchaweb1.es\/gl\/#website\",\"url\":\"https:\/\/wp9.uchaweb1.es\/gl\/\",\"name\":\"TrastoEcho\",\"description\":\"Web oficial de TrastoEcho, donde puedes encontrar todo tipo de objetos de segunda mano, peque\\u00f1as artesan\\u00edas figuras y muebles reci\\u00e9n restaurados y tapizados... Y si no lo necesitas, \\u00a1nosotros lo vendemos!\",\"publisher\":{\"@id\":\"https:\/\/wp9.uchaweb1.es\/gl\/#organization\"},\"potentialAction\":[{\"@type\":\"SearchAction\",\"target\":\"https:\/\/wp9.uchaweb1.es\/gl\/?s={search_term_string}\",\"query-input\":\"required name=search_term_string\"}],\"inLanguage\":\"gl-ES\"},{\"@type\":\"WebPage\",\"@id\":\"https:\/\/wp9.uchaweb1.es\/gl\/blog-semanal\/#webpage\",\"url\":\"https:\/\/wp9.uchaweb1.es\/gl\/blog-semanal\/\",\"name\":\"Blog semanal | TrastoEcho\",\"isPartOf\":{\"@id\":\"https:\/\/wp9.uchaweb1.es\/gl\/#website\"},\"datePublished\":\"2019-12-09T13:02:44+00:00\",\"dateModified\":\"2019-12-10T10:34:59+00:00\",\"inLanguage\":\"gl-ES\",\"potentialAction\":[{\"@type\":\"ReadAction\",\"target\":[\"https:\/\/wp9.uchaweb1.es\/gl\/blog-semanal\/\"]}]}]}<\/script>\n<!-- \/ Yoast SEO plugin. -->","_links":{"self":[{"href":"https:\/\/wp9.uchaweb1.es\/gl\/wp-json\/wp\/v2\/pages\/394","targetHints":{"allow":["GET"]}}],"collection":[{"href":"https:\/\/wp9.uchaweb1.es\/gl\/wp-json\/wp\/v2\/pages"}],"about":[{"href":"https:\/\/wp9.uchaweb1.es\/gl\/wp-json\/wp\/v2\/types\/page"}],"author":[{"embeddable":true,"href":"https:\/\/wp9.uchaweb1.es\/gl\/wp-json\/wp\/v2\/users\/2"}],"replies":[{"embeddable":true,"href":"https:\/\/wp9.uchaweb1.es\/gl\/wp-json\/wp\/v2\/comments?post=394"}],"version-history":[{"count":3,"href":"https:\/\/wp9.uchaweb1.es\/gl\/wp-json\/wp\/v2\/pages\/394\/revisions"}],"predecessor-version":[{"id":429,"href":"https:\/\/wp9.uchaweb1.es\/gl\/wp-json\/wp\/v2\/pages\/394\/revisions\/429"}],"wp:attachment":[{"href":"https:\/\/wp9.uchaweb1.es\/gl\/wp-json\/wp\/v2\/media?parent=394"}],"curies":[{"name":"wp","href":"https:\/\/api.w.org\/{rel}","templated":true}]}}