{"id":6,"date":"2019-11-19T21:42:56","date_gmt":"2019-11-19T20:42:56","guid":{"rendered":"https:\/\/wp9.uchaweb1.es\/?page_id=6"},"modified":"2019-12-10T16:39:54","modified_gmt":"2019-12-10T15:39:54","slug":"inicio","status":"publish","type":"page","link":"https:\/\/wp9.uchaweb1.es\/gl\/","title":{"rendered":"Inicio"},"content":{"rendered":"<div data-elementor-type=\"wp-post\" data-elementor-id=\"6\" class=\"elementor elementor-6\" data-elementor-settings=\"[]\">\n\t\t\t\t\t\t<div class=\"elementor-inner\">\n\t\t\t\t\t\t\t<div class=\"elementor-section-wrap\">\n\t\t\t\t\t\t\t<section class=\"elementor-section elementor-top-section elementor-element elementor-element-42dc5a2 elementor-section-full_width elementor-section-height-default elementor-section-height-default\" data-id=\"42dc5a2\" data-element_type=\"section\">\n\t\t\t\t\t\t<div class=\"elementor-container elementor-column-gap-default\">\n\t\t\t\t\t\t\t<div class=\"elementor-row\">\n\t\t\t\t\t<div class=\"elementor-column elementor-col-100 elementor-top-column elementor-element elementor-element-692c32a\" data-id=\"692c32a\" data-element_type=\"column\">\n\t\t\t<div class=\"elementor-column-wrap elementor-element-populated\">\n\t\t\t\t\t\t\t<div class=\"elementor-widget-wrap\">\n\t\t\t\t\t\t<div class=\"elementor-element elementor-element-c713c5d elementor-widget elementor-widget-image\" data-id=\"c713c5d\" data-element_type=\"widget\" data-widget_type=\"image.default\">\n\t\t\t\t<div class=\"elementor-widget-container\">\n\t\t\t\t\t<div class=\"elementor-image\">\n\t\t\t\t\t\t\t\t\t\t<img loading=\"lazy\" decoding=\"async\" width=\"736\" height=\"453\" src=\"https:\/\/wp9.uchaweb1.es\/wp-content\/uploads\/2019\/11\/trastoecho22222.png\" class=\"attachment-full size-full\" alt=\"\" srcset=\"https:\/\/wp9.uchaweb1.es\/wp-content\/uploads\/2019\/11\/trastoecho22222.png 736w, https:\/\/wp9.uchaweb1.es\/wp-content\/uploads\/2019\/11\/trastoecho22222-416x256.png 416w, https:\/\/wp9.uchaweb1.es\/wp-content\/uploads\/2019\/11\/trastoecho22222-300x185.png 300w\" sizes=\"auto, (max-width: 736px) 100vw, 736px\" \/>\t\t\t\t\t\t\t\t\t\t\t<\/div>\n\t\t\t\t<\/div>\n\t\t\t\t<\/div>\n\t\t\t\t<div class=\"elementor-element elementor-element-7729f4a elementor-widget elementor-widget-text-editor\" data-id=\"7729f4a\" data-element_type=\"widget\" data-widget_type=\"text-editor.default\">\n\t\t\t\t<div class=\"elementor-widget-container\">\n\t\t\t\t\t<div class=\"elementor-text-editor elementor-clearfix\"><h4><span style=\"text-decoration: underline;\"><em><strong>\u00a1\u00a1P\u00e1xina web oficial de TrastoEcho!!<\/strong><\/em><\/span><\/h4><h4>En vista do peche da tenda f\u00edsica hemos pensado en ofertaros os memos produtos de forma online para todos aqueles que nos han estado apoyando estos dous \u00faltimos anos, iso s\u00ed \u00a1\u00a1Esta vez vimos cargadi\u00f1os de sorpresas!!<\/h4><h4>Recordade que tam\u00e9n podedes contactar con nosoutros e seguir obtendo beneficios por todo aquilo que non necesitedes,. Inda se queredes que valeiremos algun trasteiro estamos igualmente a vosa disposici\u00f3n e se necesitades axuda ou tedes d\u00fabidas podedes clicar na burbuxa inferior da dereita<\/h4><h4>Espero que podamos seguir contigo, y no olvides suscribirte a nuestra newsletter si quieres mantenerte informado \u00a1\u00a1Qu\u00e9 no solemos tener m\u00e1s de una unidad por producto y luego hay sorpresas!!^-^<\/h4><\/div>\n\t\t\t\t<\/div>\n\t\t\t\t<\/div>\n\t\t\t\t<div class=\"elementor-element elementor-element-0dddb38 elementor-widget elementor-widget-wp-widget-mailpoet_form\" data-id=\"0dddb38\" data-element_type=\"widget\" data-widget_type=\"wp-widget-mailpoet_form.default\">\n\t\t\t\t<div class=\"elementor-widget-container\">\n\t\t\t  \n  \n  <div class=\"mailpoet_form_popup_overlay\"><\/div>\n  <div\n    id=\"mailpoet_form_1\"\n    class=\"mailpoet_form      mailpoet_form_widget      mailpoet_form_position_      mailpoet_form_animation_\"\n      >\n        <style type=\"text\/css\">.mailpoet_hp_email_label{display:none!important;}#mailpoet_form_1 .mailpoet_form {  }\n#mailpoet_form_1 .mailpoet_paragraph { line-height: 20px; }\n#mailpoet_form_1 .mailpoet_segment_label, #mailpoet_form_1 .mailpoet_text_label, #mailpoet_form_1 .mailpoet_textarea_label, #mailpoet_form_1 .mailpoet_select_label, #mailpoet_form_1 .mailpoet_radio_label, #mailpoet_form_1 .mailpoet_checkbox_label, #mailpoet_form_1 .mailpoet_list_label, #mailpoet_form_1 .mailpoet_date_label { display: block; font-weight: bold; }\n#mailpoet_form_1 .mailpoet_text, #mailpoet_form_1 .mailpoet_textarea, #mailpoet_form_1 .mailpoet_select, #mailpoet_form_1 .mailpoet_date_month, #mailpoet_form_1 .mailpoet_date_day, #mailpoet_form_1 .mailpoet_date_year, #mailpoet_form_1 .mailpoet_date { display: block; }\n#mailpoet_form_1 .mailpoet_text, #mailpoet_form_1 .mailpoet_textarea { width: 200px; }\n#mailpoet_form_1 .mailpoet_checkbox {  }\n#mailpoet_form_1 .mailpoet_submit input {  }\n#mailpoet_form_1 .mailpoet_divider {  }\n#mailpoet_form_1 .mailpoet_message {  }\n#mailpoet_form_1 .mailpoet_validate_success { font-weight: 600; color: #468847; }\n#mailpoet_form_1 .mailpoet_validate_error { color: #b94a48; }\n#mailpoet_form_1 .mailpoet_form_loading { width: 30px; text-align: center; line-height: normal; }\n#mailpoet_form_1 .mailpoet_form_loading > span { width: 5px; height: 5px; background-color: #5b5b5b; }#mailpoet_form_1{;}#mailpoet_form_1 .mailpoet_paragraph.last {margin-bottom: 0} @media (max-width: 500px) {#mailpoet_form_1 {background-image: none;}} @media (min-width: 500px) {#mailpoet_form_1 .last .mailpoet_paragraph:last-child {margin-bottom: 0}}  @media (max-width: 500px) {#mailpoet_form_1 .mailpoet_form_column:last-child .mailpoet_paragraph:last-child {margin-bottom: 0}} <\/style>\n    <form\n      target=\"_self\"\n      method=\"post\"\n      action=\"https:\/\/wp9.uchaweb1.es\/wp-admin\/admin-post.php?action=mailpoet_subscription_form\"\n      class=\"mailpoet_form mailpoet_form_form mailpoet_form_widget\"\n      novalidate\n data-delay=\"\"\n      data-exit-intent-enabled=\"\"\n      data-font-family=\"\" data-trp-original-action=\"https:\/\/wp9.uchaweb1.es\/wp-admin\/admin-post.php?action=mailpoet_subscription_form\"\n    >\n      <input type=\"hidden\" name=\"data[form_id]\" value=\"1\" \/>\n      <input type=\"hidden\" name=\"token\" value=\"4c4874e24d\" \/>\n      <input type=\"hidden\" name=\"api_version\" value=\"v1\" \/>\n      <input type=\"hidden\" name=\"endpoint\" value=\"subscribers\" \/>\n      <input type=\"hidden\" name=\"mailpoet_method\" value=\"subscribe\" \/>\n\n      <label class=\"mailpoet_hp_email_label\">Please leave this field empty<input type=\"email\" name=\"data[email]\"\/><\/label><div class=\"mailpoet_paragraph\"><label class=\"mailpoet_text_label\" data-automation-id=\"form_first_name_label\" >Nome<\/label><input type=\"text\" class=\"mailpoet_text\" name=\"data[form_field_ODc3NTUxYjg4ZGYxX2ZpcnN0X25hbWU=]\" title=\"Nome\" value=\"\" data-automation-id=\"form_first_name\" \/><\/div>\n<div class=\"mailpoet_paragraph\"><label class=\"mailpoet_text_label\" data-automation-id=\"form_email_label\" >Correo electr\u00f3nico <span class=\"mailpoet_required\">*<\/span><\/label><input type=\"email\" class=\"mailpoet_text\" name=\"data[form_field_NzZhN2I5NTIwNGViX2VtYWls]\" title=\"Correo electr\u00f3nico\" value=\"\" data-automation-id=\"form_email\" data-parsley-required=\"true\" data-parsley-minlength=\"6\" data-parsley-maxlength=\"150\" data-parsley-error-message=\"Please specify a valid email address.\" data-parsley-required-message=\"This field is required.\"\/><\/div>\n<div class=\"mailpoet_paragraph\" >Mantemos os teus datos en privado e s\u00f3 os compartimos con aquelas terceiras partesque fan o servizo posible. Podes ler a nosa pol\u00edtica de privacidade para m\u00e1is informaci\u00f3n.<\/div>\n<div class=\"mailpoet_paragraph\"><input type=\"submit\" class=\"mailpoet_submit\" value=\"\u00a1Suscr\u00edbete!\" data-automation-id=\"subscribe-submit-button\" style=\"border-color:transparent;\" \/><span class=\"mailpoet_form_loading\"><span class=\"mailpoet_bounce1\"><\/span><span class=\"mailpoet_bounce2\"><\/span><span class=\"mailpoet_bounce3\"><\/span><\/span><\/div>\n\n      <div class=\"mailpoet_message\">\n        <p class=\"mailpoet_validate_success\"\n                style=\"display:none;\"\n                >Revisa a t\u00faa bandexa de entrada ou carpeta de spam para confirmar a t\u00faa suscripci\u00f3n.\n        <\/p>\n        <p class=\"mailpoet_validate_error\"\n                style=\"display:none;\"\n                >        <\/p>\n      <\/div>\n    <input type=\"hidden\" name=\"trp-form-language\" value=\"gl\"\/><\/form>\n  <\/div>\n\n  \t\t<\/div>\n\t\t\t\t<\/div>\n\t\t\t\t<div class=\"elementor-element elementor-element-71ed76e elementor-widget elementor-widget-testimonial\" data-id=\"71ed76e\" data-element_type=\"widget\" data-widget_type=\"testimonial.default\">\n\t\t\t\t<div class=\"elementor-widget-container\">\n\t\t\t\t\t<div class=\"elementor-testimonial-wrapper elementor-testimonial-text-align-center\">\n\t\t\t\t\t\t\t<div class=\"elementor-testimonial-content\">E recorda, \u00a1Se non o necesitas, nosotros cho vendemos!<\/div>\n\t\t\t\n\t\t\t\t\t<\/div>\n\t\t\t\t<\/div>\n\t\t\t\t<\/div>\n\t\t\t\t\t\t<\/div>\n\t\t\t\t\t<\/div>\n\t\t<\/div>\n\t\t\t\t\t\t\t\t<\/div>\n\t\t\t\t\t<\/div>\n\t\t<\/section>\n\t\t\t\t<section class=\"elementor-section elementor-top-section elementor-element elementor-element-0504953 elementor-section-boxed elementor-section-height-default elementor-section-height-default\" data-id=\"0504953\" data-element_type=\"section\">\n\t\t\t\t\t\t<div class=\"elementor-container elementor-column-gap-default\">\n\t\t\t\t\t\t\t<div class=\"elementor-row\">\n\t\t\t\t\t<div class=\"elementor-column elementor-col-100 elementor-top-column elementor-element elementor-element-6b42d02\" data-id=\"6b42d02\" data-element_type=\"column\">\n\t\t\t<div class=\"elementor-column-wrap elementor-element-populated\">\n\t\t\t\t\t\t\t<div class=\"elementor-widget-wrap\">\n\t\t\t\t\t\t<section class=\"elementor-section elementor-inner-section elementor-element elementor-element-9314912 elementor-section-boxed elementor-section-height-default elementor-section-height-default\" data-id=\"9314912\" data-element_type=\"section\">\n\t\t\t\t\t\t<div class=\"elementor-container elementor-column-gap-default\">\n\t\t\t\t\t\t\t<div class=\"elementor-row\">\n\t\t\t\t\t<div class=\"elementor-column elementor-col-50 elementor-inner-column elementor-element elementor-element-9352ea2\" data-id=\"9352ea2\" data-element_type=\"column\">\n\t\t\t<div class=\"elementor-column-wrap elementor-element-populated\">\n\t\t\t\t\t\t\t<div class=\"elementor-widget-wrap\">\n\t\t\t\t\t\t<div class=\"elementor-element elementor-element-892e557 elementor-widget elementor-widget-text-editor\" data-id=\"892e557\" data-element_type=\"widget\" data-widget_type=\"text-editor.default\">\n\t\t\t\t<div class=\"elementor-widget-container\">\n\t\t\t\t\t<div class=\"elementor-text-editor elementor-clearfix\"><p><strong>Tam\u00e9n estamos en instagram \n\u2014\u2014\u2013<\/strong><strong>\u2014\u2014\u2014\u2014\u2014\u2014\u2014\u2014\u2013><\/strong><\/p><\/div>\n\t\t\t\t<\/div>\n\t\t\t\t<\/div>\n\t\t\t\t\t\t<\/div>\n\t\t\t\t\t<\/div>\n\t\t<\/div>\n\t\t\t\t<div class=\"elementor-column elementor-col-50 elementor-inner-column elementor-element elementor-element-9ae4e93\" data-id=\"9ae4e93\" data-element_type=\"column\">\n\t\t\t<div class=\"elementor-column-wrap elementor-element-populated\">\n\t\t\t\t\t\t\t<div class=\"elementor-widget-wrap\">\n\t\t\t\t\t\t<div class=\"elementor-element elementor-element-4719645 elementor-shape-rounded elementor-grid-0 elementor-widget elementor-widget-social-icons\" data-id=\"4719645\" data-element_type=\"widget\" data-widget_type=\"social-icons.default\">\n\t\t\t\t<div class=\"elementor-widget-container\">\n\t\t\t\t\t<div class=\"elementor-social-icons-wrapper elementor-grid\">\n\t\t\t\t\t\t\t<div class=\"elementor-grid-item\">\n\t\t\t\t\t<a class=\"elementor-icon elementor-social-icon elementor-social-icon-instagram elementor-animation-grow elementor-repeater-item-5836fa4\" href=\"https:\/\/www.instagram.com\/trastoecho\/\" target=\"_blank\">\n\t\t\t\t\t\t<span class=\"elementor-screen-only\">https:\/\/www.instagram.com\/trastoecho\/<\/span>\n\t\t\t\t\t\t<i class=\"fab fa-instagram\"><\/i>\t\t\t\t\t<\/a>\n\t\t\t\t<\/div>\n\t\t\t\t\t<\/div>\n\t\t\t\t<\/div>\n\t\t\t\t<\/div>\n\t\t\t\t\t\t<\/div>\n\t\t\t\t\t<\/div>\n\t\t<\/div>\n\t\t\t\t\t\t\t\t<\/div>\n\t\t\t\t\t<\/div>\n\t\t<\/section>\n\t\t\t\t\t\t<\/div>\n\t\t\t\t\t<\/div>\n\t\t<\/div>\n\t\t\t\t\t\t\t\t<\/div>\n\t\t\t\t\t<\/div>\n\t\t<\/section>\n\t\t\t\t<section class=\"elementor-section elementor-top-section elementor-element elementor-element-37049ad elementor-section-stretched elementor-section-full_width elementor-section-content-space-between elementor-section-height-default elementor-section-height-default\" data-id=\"37049ad\" data-element_type=\"section\" data-settings=\"{&quot;stretch_section&quot;:&quot;section-stretched&quot;,&quot;background_background&quot;:&quot;classic&quot;}\">\n\t\t\t\t\t\t\t<div class=\"elementor-background-overlay\"><\/div>\n\t\t\t\t\t\t\t<div class=\"elementor-container elementor-column-gap-default\">\n\t\t\t\t\t\t\t<div class=\"elementor-row\">\n\t\t\t\t\t<div class=\"elementor-column elementor-col-100 elementor-top-column elementor-element elementor-element-23bd837\" data-id=\"23bd837\" data-element_type=\"column\">\n\t\t\t<div class=\"elementor-column-wrap elementor-element-populated\">\n\t\t\t\t\t\t\t<div class=\"elementor-widget-wrap\">\n\t\t\t\t\t\t<div class=\"elementor-element elementor-element-ad25237 elementor-widget elementor-widget-wp-widget-wp_accessibility_toolbar\" data-id=\"ad25237\" data-element_type=\"widget\" data-widget_type=\"wp-widget-wp_accessibility_toolbar.default\">\n\t\t\t\t<div class=\"elementor-widget-container\">\n\t\t\t\r\n<!-- a11y toolbar widget -->\r\n<div class=\"ltr  right a11y-toolbar-widget\">\r\n\t<ul><li><button type=\"button\" class=\"a11y-toggle-contrast toggle-contrast\" id=\"is_normal_contrast\" aria-pressed=\"false\"><span class=\"offscreen\">Toggle High Contrast<\/span> <span class=\"aticon aticon-adjust\" aria-hidden=\"true\"><\/span><\/button><\/li><li><button type=\"button\" class=\"a11y-toggle-fontsize toggle-fontsize\" id=\"is_normal_fontsize\" aria-pressed=\"false\"><span class=\"offscreen\">Toggle Font size<\/span> <span class=\"aticon aticon-font\" aria-hidden=\"true\"><\/span><\/button><\/li>\r\n\t<\/ul>\r\n<\/div>\r\n<!-- \/\/ a11y toolbar widget -->\t\t<\/div>\n\t\t\t\t<\/div>\n\t\t\t\t\t\t<\/div>\n\t\t\t\t\t<\/div>\n\t\t<\/div>\n\t\t\t\t\t\t\t\t<\/div>\n\t\t\t\t\t<\/div>\n\t\t<\/section>\n\t\t\t\t\t\t<\/div>\n\t\t\t\t\t\t<\/div>\n\t\t\t\t\t<\/div>","protected":false},"excerpt":{"rendered":"<p>\u00a1\u00a1P\u00e1gina web oficial de TrastoEcho!! En vista del cierre de la tienda f\u00edsica hemos pensado en ofertaros nuestros productos de forma online para todos aquellos que nos han estado apoyando estos dos \u00faltimos a\u00f1os. Eso s\u00ed \u00a1\u00a1esta vez venimos cargados de sorpresas y descuentos !! Recordad que tambi\u00e9n podeis contactar con nosotros y seguir obteniendo [&hellip;]<\/p>","protected":false},"author":2,"featured_media":0,"parent":0,"menu_order":1,"comment_status":"open","ping_status":"closed","template":"template-homepage.php","meta":{"spay_email":"","footnotes":""},"class_list":["post-6","page","type-page","status-publish","hentry"],"yoast_head":"<!-- This site is optimized with the Yoast SEO plugin v15.0 - https:\/\/yoast.com\/wordpress\/plugins\/seo\/ -->\n<title>Inicio | TrastoEcho<\/title>\n<meta name=\"robots\" content=\"index, follow, max-snippet:-1, max-image-preview:large, max-video-preview:-1\" \/>\n<link rel=\"canonical\" href=\"https:\/\/wp9.uchaweb1.es\/gl\/\" \/>\n<meta property=\"og:locale\" content=\"gl_ES\" \/>\n<meta property=\"og:type\" content=\"article\" \/>\n<meta property=\"og:title\" content=\"Inicio | TrastoEcho\" \/>\n<meta property=\"og:description\" content=\"\u00a1\u00a1P\u00e1gina web oficial de TrastoEcho!! En vista del cierre de la tienda f\u00edsica hemos pensado en ofertaros nuestros productos de forma online para todos aquellos que nos han estado apoyando estos dos \u00faltimos a\u00f1os. Eso s\u00ed \u00a1\u00a1esta vez venimos cargados de sorpresas y descuentos !! Recordad que tambi\u00e9n podeis contactar con nosotros y seguir obteniendo [&hellip;]\" \/>\n<meta property=\"og:url\" content=\"https:\/\/wp9.uchaweb1.es\/gl\/\" \/>\n<meta property=\"og:site_name\" content=\"TrastoEcho\" \/>\n<meta property=\"article:modified_time\" content=\"2019-12-10T15:39:54+00:00\" \/>\n<meta property=\"og:image\" content=\"https:\/\/wp9.uchaweb1.es\/wp-content\/uploads\/2019\/11\/trastoecho22222.png\" \/>\n<meta name=\"twitter:card\" content=\"summary_large_image\" \/>\n<script type=\"application\/ld+json\" class=\"yoast-schema-graph\">{\"@context\":\"https:\/\/schema.org\",\"@graph\":[{\"@type\":\"Organization\",\"@id\":\"https:\/\/wp9.uchaweb1.es\/gl\/#organization\",\"name\":\"TrastoEcho\",\"url\":\"https:\/\/wp9.uchaweb1.es\/gl\/\",\"sameAs\":[\"https:\/\/www.instagram.com\/trastoecho\"],\"logo\":{\"@type\":\"ImageObject\",\"@id\":\"https:\/\/wp9.uchaweb1.es\/gl\/#logo\",\"inLanguage\":\"gl-ES\",\"url\":\"https:\/\/wp9.uchaweb1.es\/wp-content\/uploads\/2019\/11\/trastoecho.png\",\"width\":515,\"height\":515,\"caption\":\"TrastoEcho\"},\"image\":{\"@id\":\"https:\/\/wp9.uchaweb1.es\/gl\/#logo\"}},{\"@type\":\"WebSite\",\"@id\":\"https:\/\/wp9.uchaweb1.es\/gl\/#website\",\"url\":\"https:\/\/wp9.uchaweb1.es\/gl\/\",\"name\":\"TrastoEcho\",\"description\":\"Web oficial de TrastoEcho, donde puedes encontrar todo tipo de objetos de segunda mano, peque\\u00f1as artesan\\u00edas figuras y muebles reci\\u00e9n restaurados y tapizados... Y si no lo necesitas, \\u00a1nosotros lo vendemos!\",\"publisher\":{\"@id\":\"https:\/\/wp9.uchaweb1.es\/gl\/#organization\"},\"potentialAction\":[{\"@type\":\"SearchAction\",\"target\":\"https:\/\/wp9.uchaweb1.es\/gl\/?s={search_term_string}\",\"query-input\":\"required name=search_term_string\"}],\"inLanguage\":\"gl-ES\"},{\"@type\":\"ImageObject\",\"@id\":\"https:\/\/wp9.uchaweb1.es\/#primaryimage\",\"inLanguage\":\"gl-ES\",\"url\":\"https:\/\/wp9.uchaweb1.es\/wp-content\/uploads\/2019\/11\/trastoecho22222.png\",\"width\":736,\"height\":453},{\"@type\":\"WebPage\",\"@id\":\"https:\/\/wp9.uchaweb1.es\/#webpage\",\"url\":\"https:\/\/wp9.uchaweb1.es\/\",\"name\":\"Inicio | TrastoEcho\",\"isPartOf\":{\"@id\":\"https:\/\/wp9.uchaweb1.es\/gl\/#website\"},\"primaryImageOfPage\":{\"@id\":\"https:\/\/wp9.uchaweb1.es\/#primaryimage\"},\"datePublished\":\"2019-11-19T20:42:56+00:00\",\"dateModified\":\"2019-12-10T15:39:54+00:00\",\"inLanguage\":\"gl-ES\",\"potentialAction\":[{\"@type\":\"ReadAction\",\"target\":[\"https:\/\/wp9.uchaweb1.es\/\"]}]}]}<\/script>\n<!-- \/ Yoast SEO plugin. -->","_links":{"self":[{"href":"https:\/\/wp9.uchaweb1.es\/gl\/wp-json\/wp\/v2\/pages\/6","targetHints":{"allow":["GET"]}}],"collection":[{"href":"https:\/\/wp9.uchaweb1.es\/gl\/wp-json\/wp\/v2\/pages"}],"about":[{"href":"https:\/\/wp9.uchaweb1.es\/gl\/wp-json\/wp\/v2\/types\/page"}],"author":[{"embeddable":true,"href":"https:\/\/wp9.uchaweb1.es\/gl\/wp-json\/wp\/v2\/users\/2"}],"replies":[{"embeddable":true,"href":"https:\/\/wp9.uchaweb1.es\/gl\/wp-json\/wp\/v2\/comments?post=6"}],"version-history":[{"count":31,"href":"https:\/\/wp9.uchaweb1.es\/gl\/wp-json\/wp\/v2\/pages\/6\/revisions"}],"predecessor-version":[{"id":459,"href":"https:\/\/wp9.uchaweb1.es\/gl\/wp-json\/wp\/v2\/pages\/6\/revisions\/459"}],"wp:attachment":[{"href":"https:\/\/wp9.uchaweb1.es\/gl\/wp-json\/wp\/v2\/media?parent=6"}],"curies":[{"name":"wp","href":"https:\/\/api.w.org\/{rel}","templated":true}]}}